{"id":68,"date":"2020-06-20T14:33:33","date_gmt":"2020-06-20T12:33:33","guid":{"rendered":"http:\/\/gbs-bitumen.de\/?page_id=68"},"modified":"2020-07-09T11:19:35","modified_gmt":"2020-07-09T09:19:35","slug":"agbs","status":"publish","type":"page","link":"https:\/\/gbs-bitumen.de\/?page_id=68","title":{"rendered":"AGB"},"content":{"rendered":"\t\t<div data-elementor-type=\"wp-page\" data-elementor-id=\"68\" class=\"elementor elementor-68\">\n\t\t\t\t\t\t<section class=\"elementor-section elementor-top-section elementor-element elementor-element-24e5244 elementor-section-boxed elementor-section-height-default elementor-section-height-default\" data-id=\"24e5244\" data-element_type=\"section\">\n\t\t\t\t\t\t<div class=\"elementor-container elementor-column-gap-default\">\n\t\t\t\t\t<div class=\"elementor-column elementor-col-100 elementor-top-column elementor-element elementor-element-9e91e38\" data-id=\"9e91e38\" data-element_type=\"column\">\n\t\t\t<div class=\"elementor-widget-wrap elementor-element-populated\">\n\t\t\t\t\t\t<div class=\"elementor-element elementor-element-6b69d1a elementor-widget elementor-widget-heading\" data-id=\"6b69d1a\" data-element_type=\"widget\" data-widget_type=\"heading.default\">\n\t\t\t\t<div class=\"elementor-widget-container\">\n\t\t\t\t\t<h2 class=\"elementor-heading-title elementor-size-default\">GBS - Gesellschaft f\u00fcr Bitumen und Sonderbitumen mbH &amp; Co. KG\nAllgemeine Gesch\u00e4ftsbedingungen (AGB)\n<\/h2>\t\t\t\t<\/div>\n\t\t\t\t<\/div>\n\t\t\t\t\t<\/div>\n\t\t<\/div>\n\t\t\t\t\t<\/div>\n\t\t<\/section>\n\t\t\t\t<section class=\"elementor-section elementor-top-section elementor-element elementor-element-396b3d5 elementor-section-boxed elementor-section-height-default elementor-section-height-default\" data-id=\"396b3d5\" data-element_type=\"section\">\n\t\t\t\t\t\t<div class=\"elementor-container elementor-column-gap-default\">\n\t\t\t\t\t<div class=\"elementor-column elementor-col-100 elementor-top-column elementor-element elementor-element-03d41bb\" data-id=\"03d41bb\" data-element_type=\"column\">\n\t\t\t<div class=\"elementor-widget-wrap elementor-element-populated\">\n\t\t\t\t\t\t<div class=\"elementor-element elementor-element-be015b0 elementor-widget elementor-widget-text-editor\" data-id=\"be015b0\" data-element_type=\"widget\" data-widget_type=\"text-editor.default\">\n\t\t\t\t<div class=\"elementor-widget-container\">\n\t\t\t\t\t\t\t\t\t<table width=\"617\"><tbody><tr><td><p><b>Geltungsbereich<\/b><\/p><ol><li>F\u00fcr alle Lieferungen und Leistungen von GBS gelten ausschlie\u00dflich die nachstehenden Allgemeinen Gesch\u00e4ftsbedingungen. Allgemeine Gesch\u00e4ftsbedingungen des Kunden erkennt GBS nicht an, es sei denn, GBS h\u00e4tte ihrer Geltung ausdr\u00fccklich schriftlich zugestimmt. Dies gilt auch dann, wenn GBS die Leistungen in Kenntnis entgegenstehender oder von den vorliegenden Gesch\u00e4ftsbedingungen abweichender Bedingungen vorbehaltlos ausf\u00fchrt. Die AGB von GBS gelten auch f\u00fcr alle k\u00fcnftigen Gesch\u00e4fte mit dem Kunden, ohne dass es hierzu eines ausdr\u00fccklichen Hinweises bedarf.<\/li><\/ol><p><b>Angebot<\/b><\/p><ol><li>Liefer- und Preisangebote von GBS erfolgen, soweit nicht ausdr\u00fccklich anders vereinbart, stets freibleibend.<\/li><\/ol><p><strong>Preise &#8211; Abgaben &#8211; Anpassung<\/strong><\/p><ol><li>Soweit nichts Abweichendes vereinbart wird, verstehen sich alle Preise ab Ladestelle zuz\u00fcglich gesetzlicher Umsatzsteuer.<\/li><li>\u00c4ndern sich nach Vertragsschluss \u00f6ffentliche Abgaben und\/oder Steuern auf die Ware bzw. werden diese neu erhoben, werden die vereinbarten Preise entsprechend angepasst.<\/li><li>Erh\u00f6hen sich aus von GBS nicht zu vertretenden Gr\u00fcnden die Kosten f\u00fcr Verladung und Transport der Ware (z.B. durch Minderbeladungs-, Kleinwasser-, Eiszuschl\u00e4ge, Liege- u. Standgelder), flie\u00dfen diese Mehrkosten in den Abgabepreis ein.<\/li><\/ol><p><strong>Zahlungsbedingungen &#8211; Sicherheiten &#8211; Aufrechnung<\/strong><\/p><ol><li>Der Rechnungsbetrag ist sofort und ohne Abzug zahlbar. Bei vereinbarten Zahlungszielen berechnet sich die Zahlungsfrist beginnend mit dem Tag der Lieferung. Ma\u00dfgeblich f\u00fcr die Einhaltung der Zahlungsfrist ist die Wertstellung bei GBS.<\/li><li>Bei Zahlungsverzug des Kunden oder bei wesentlicher Verschlechterung seiner Verm\u00f6gensverh\u00e4ltnisse ist GBS berechtigt, die Stellung einer Sicherheit zu verlangen und\/oder evtl. gew\u00e4hrte Zahlungsziele, auch f\u00fcr andere Forderungen, zu widerrufen. Ist der Kunde nicht in der Lage, innerhalb einer angemessenen Frist Sicherheit zu leisten, ist GBS berechtigt, die Gesch\u00e4ftsverbindung aufzuk\u00fcndigen. Bereits bestehende Anspr\u00fcche aus erbrachten Leistungen oder wegen Verzug des Kunden werden davon nicht ber\u00fchrt.<\/li><li>Aufrechnungsrechte k\u00f6nnen vom Kunden nur dann geltend gemacht werden, wenn GBS seine Gegenanspr\u00fcche schriftlich anerkennt oder diese rechtskr\u00e4ftig festgestellt sind.<\/li><\/ol><p><strong>Lieferung &#8211; Lieferzeit &#8211; Liefermenge<\/strong><\/p><ol><li>Lieferzeitangaben von GBS sind grunds\u00e4tzlich keine Fixtermine (\u00a7 323 Abs. 2 Nr. 2 BGB, \u00a7 376 HGB). Teillieferungen sind &#8211; soweit dem Kunden zumutbar &#8211; zul\u00e4ssig.<\/li><li>Ma\u00dfgebend ist das auf der Ladestelle ermittelte bzw. zollamtlich festgestellte und auf dem Lieferschein vermerkte Gewicht oder Volumen der Lieferung, es sei denn, es werden Partien aus Tankwagen oder Kesselwagen ausgeliefert und das Volumen am Empfangsort mittels geeichter Messvorrichtungen festgestellt. Der konkrete Nachweis der Lieferung einer geringeren oder gr\u00f6\u00dferen Menge bleibt jeder der Vertragsparteien offen.<\/li><li>Der Kunde hat auf seine Kosten die erforderliche Energie f\u00fcr die Aufheizung von Waren zu stellen. Fixe Eingangstemperaturen werden nicht gew\u00e4hrleistet.<\/li><li>Auf erschwerte Auslieferungsverh\u00e4ltnisse hat der Kunde GBS im Vorfeld der Lieferung hinzuweisen.<\/li><li>Der Kunde ist verantwortlich f\u00fcr die rechtzeitige Bereitstellung von Verbindungen und Anschl\u00fcssen.<\/li><\/ol><p><strong>Transport &#8211; Verantwortung f\u00fcr vom Kunden gestellte Transportmittel &#8211; Freistellung von Anspr\u00fcchen<\/strong><\/p><ol><li>Stellt GBS die Transportmittel, hat der Kunde diese unverz\u00fcglich zu entleeren zur weiteren Verwendung zur Verf\u00fcgung zu stellen.<\/li><li>An den Transportmitteln steht dem Kunden in keinem Fall ein Zur\u00fcckbehaltungsrecht zu. Bei allen Lieferungen hat der Kunde daf\u00fcr Sorge zu tragen, dass die Transportmittel vollst\u00e4ndig entleert werden. Etwaige Frachten, Reinigungen sowie die Kosten f\u00fcr die Entfernung von Resten sind anderenfalls vom Kunden zu tragen.<\/li><li>Stellt der Kunde die Transportmittel, hat er diese auf seine Gefahr frachtfrei und termingerecht an den vereinbarten Ort der geplanten Beladung zu senden.<\/li><li>GBS ist nicht verpflichtet, die vom Kunden gestellten Transportmittel auf ihre \u00dcbereinstimmung mit den gesetzlichen Vorschriften oder das Vorhandensein technischer M\u00e4ngel zu pr\u00fcfen. Besch\u00e4digte Transportmittel kann GBS auf Kosten und Gefahr des Kunden an diesen zur\u00fccksenden.<\/li><li>GBS haftet nicht f\u00fcr Verunreinigungen der Ware infolge unsauberer Transportmittel des Kunden sowie f\u00fcr Sch\u00e4den, die durch mangelhafte Beschaffenheit der Transportmittel entstehen, Ebenso haftet GBS nicht f\u00fcr Konsequenzen, die aus \u00dcberladungen entstehen k\u00f6nnen, sofern GBS nicht an dem Beladevorgang direkt beteiligt war.<\/li><li>Holt der Kunde die Ware selbst ab, ist er verpflichtet, die f\u00fcr den Transport relevanten gesetzlichen Vorschriften und Verordnungen, insbesondere \u00fcber den Gefahrguttransport und die Beladungsgrenzen, zu beachten. Der Kunde hat seine Fahrer oder Frachtf\u00fchrer entsprechend zu schulen und zu verpflichten. Bei Nichtbeachtung der bestehenden Vorschriften hat der Kunde GBS von allen Anspr\u00fcchen Dritter freizustellen.<\/li><li>Haftet GBS nach den vorstehenden Bedingungen nicht oder nur zum Teil, hat der Kunde GBS von allen Anspr\u00fcchen Dritter freizustellen.<\/li><\/ol><p><strong>H\u00f6here Gewalt &#8211; R\u00fccktritt &#8211; Selbstbelieferungsvorbehalt<\/strong><\/p><ol><li>Unvorhergesehene Ereignisse, die GBS nicht zu vertreten hat, z.B. Betriebsst\u00f6rung, Streik, Aussperrung oder Gesetzes\u00e4nderungen, verl\u00e4ngern die Lieferfrist angemessen, und zwar auch dann, wenn sie w\u00e4hrend eines Lieferverzugs eintreten.<\/li><li>Sollte es aufgrund derartiger Ereignisse nicht m\u00f6glich sein, die Leistung innerhalb einer angemessenen Frist zu erbringen, steht dem Kunden und GBS das Recht zu, vom Vertrag oder ggf. vom noch nicht erf\u00fcllten Teil des Vertrages zur\u00fcckzutreten. Schadenersatzanspr\u00fcche wegen eines solchen R\u00fccktritts bestehen nicht.<\/li><li>GBS ist nur bei ordnungsgem\u00e4\u00dfer und rechtzeitiger Eigenversorgung zur Lieferung verpflichtet.<\/li><\/ol><p><strong>Gefahren\u00fcbergang<\/strong><\/p><ol><li>Die Gefahr geht stets &#8211; auch bei frachtfreier Lieferung &#8211; auf den Kunden \u00fcber, sobald die Ware den Verladeanschluss der F\u00fcllstelle passiert, sp\u00e4testens aber beim Verlassen der Ladestelle.<\/li><\/ol><p><strong>Eigentumsvorbehalt<\/strong><\/p><ol><li>Bis zur vollst\u00e4ndigen Bezahlung aller Forderungen aus der Gesch\u00e4ftsverbindung zwischen dem Kunden und GBS bleiben die verkauften Waren im Eigentum von GBS.<\/li><li>Bei Wiederverk\u00e4ufern ist die Weiterver\u00e4u\u00dferung im gew\u00f6hnlichen Gesch\u00e4ftsgang widerruflich gestattet. Die aus dem Weiterverkauf oder einem sonstigen Rechtsgrund bez\u00fcglich der im Eigentum von GBS stehenden Ware resultierenden Forderungen tritt der Kunde sicherungshalber in H\u00f6he des Rechnungswertes des betref\u00adfenden Liefergegenstandes an GBS ab. Der Kunde ist im gew\u00f6hnlichen Gesch\u00e4ftsgang widerruflich erm\u00e4chtigt, die abgetretenen Forderungen f\u00fcr GBS im eigenen Namen einzuziehen.<\/li><li>Eine Verarbeitung oder Vermischung der gelieferten Ware erfolgt stets f\u00fcr GBS als Lieferant, jedoch ohne Verpflichtung f\u00fcr GBS. Erlischt das Eigentum durch Verbindung, Vermischung oder Verarbeitung, so gilt als vereinbart, dass das Eigentum an der neuen Sache anteilm\u00e4\u00dfig nach dem Verh\u00e4ltnis der Rechnungs\u00adbetr\u00e4ge der verarbeiteten oder verbundenen Erzeugnisse auf GBS \u00fcbergeht. Der Kunde verwahrt die im Eigentum stehenden Gegenst\u00e4nde von GBS unentgeltlich.<\/li><\/ol><p><strong>Beschaffenheit der Ware<\/strong><\/p><ol><li>F\u00fcr die Beschaffenheit der gelieferten Ware sind ausschlie\u00dflich die einschl\u00e4gigen EN-Normen vereinbart, soweit nicht anderweitige Vereinbarungen zwischen den Parteien getroffen wurden. Dasselbe gilt f\u00fcr die Ermittlung von Analysedaten.<\/li><li>F\u00fcr die Beschaffenheit von Normenbitumen ist ausschlie\u00dflich die DIN EN-Norm 12591, f\u00fcr die Beschaffenheit von polymermodifiziertem Bitumen ist ausschlie\u00dflich die DIN EN-Norm 14023 vereinbart, soweit nicht anderweitige Vereinbarungen zwischen den Parteien getroffen wurden.<\/li><\/ol><p><strong>M\u00e4ngel<\/strong><\/p><ol><li>M\u00e4ngelanspr\u00fcche verj\u00e4hren innerhalb von 12 Monaten ab \u00dcbergabe.<\/li><li>M\u00e4ngelanspr\u00fcche des Kunden setzen voraus, dass er die von ihm geschuldeten Untersuchungs- und R\u00fcgeobliegenheiten &#8211; auch gegen\u00fcber dem Spediteur\/Frachtf\u00fchrer &#8211; ordnungsgem\u00e4\u00df erf\u00fcllt hat.<\/li><li>Etwaige Beanstandungen m\u00fcssen GBS gegen\u00fcber unverz\u00fcglich, sp\u00e4testens jedoch 7 Tage nach Anlieferung (offene M\u00e4ngel) oder Entdeckung des Mangels mitgeteilt werden. Andernfalls ist deren Geltendmachung ausgeschlossen. Beanstandungen, die die Beschaffenheit betreffen, setzen zudem voraus, dass der Kunde pr\u00fcfbares Muster der gelieferten Ware gezogen hat und GBS sich von der ordnungsgem\u00e4\u00dfen Durchf\u00fchrung der Probenentnahme gem\u00e4\u00df den einschl\u00e4gigen Normen \u00fcberzeugen konnte oder GBS Gelegenheit gegeben wurde, die Probe selbst zu nehmen.<\/li><\/ol><p><strong>Haftung<\/strong><\/p><ol><li>GBS haftet auf Schadenersatz und auf Ersatz der vergeblichen Aufwendungen im Sinne<\/li><li>des \u00a7 284 BGB (nachfolgend \u201eSchadenersatz\u201c) wegen M\u00e4ngeln der Lieferung oder Leistung oder wegen Verletzung sonstiger vertraglicher oder au\u00dfervertraglicher Pflichten, insbesondere aus unerlaubter Handlung, nur bei Vorsatz oder grober Fahrl\u00e4ssigkeit. Die vorstehende Haftungsbeschr\u00e4nkung gilt nicht bei Verletzungen des Lebens, des K\u00f6rpers oder der Gesundheit, bei der \u00dcbernahme einer Garantie oder eines Beschaffungsrisikos, der Verletzung wesentlicher Vertragspflichten sowie bei der Haftung nach dem Produkthaftungsgesetz.<\/li><li>Der Schadenersatz wegen Verletzung wesentlicher Vertragspflichten ist auf den Ersatz solcher Sch\u00e4den beschr\u00e4nkt, die GBS bei Vertragsschluss aufgrund f\u00fcr GBS erkennbarer Umst\u00e4nde als m\u00f6gliche Folge h\u00e4tte voraussehen m\u00fcssen (vertragstypische Sch\u00e4den), soweit nicht Vorsatz oder grobe Fahrl\u00e4ssigkeit vorliegt oder wegen einer Verletzung des Lebens, des K\u00f6rpers oder der Gesundheit oder der \u00dcbernahme einer Garantie oder eines Beschaffungsrisikos gehaftet wird.<\/li><li>S\u00e4mtliche Haftungsbeschr\u00e4nkungen gelten im gleichen Umfang f\u00fcr Erf\u00fcllungs- und Verrichtungsgehilfen.<\/li><li>Eine \u00c4nderung der Beweislast zum Nachteil des Kunden ist mit den vorstehenden Regelungen nicht verbunden<\/li><\/ol><p><strong>Abtretung<\/strong><\/p><ol><li>Die Abtretung von Anspr\u00fcchen gegen GBS ist nur mit der vorherigen schriftlichen Zustimmung von GBS zul\u00e4ssig. Ein Anspruch auf Erteilung einer solchen Zustimmung besteht nicht.<\/li><li>\u00a7 354 a HGB bleibt unber\u00fchrt.<\/li><\/ol><p><strong>Anzuwendendes Recht \u2013 Erf\u00fcllungsort &#8211; Gerichtsstand &#8211; Incoterms<\/strong><\/p><ol><li>Die Vertragsbeziehungen unterliegen ausschlie\u00dflich dem materiellen Recht der Bundesrepublik Deutschland. [Die Anwendung des UN-Kaufrechts (CISG) ist ausgeschlossen.] Erf\u00fcllungsort ist die Ladestelle von GBS. Dies gilt auch f\u00fcr frachtfreie Lieferungen.<\/li><li>Werden im Vertrag international gebr\u00e4uchliche Handelsklauseln verwendet, sind diese nach den internationalen Regeln f\u00fcr die Auslegung handels\u00fcblicher Vertragsformen (Incoterms) in der jeweils bei Vertragsschluss geltenden Form &#8211; derzeit Incoterms 2020 &#8211; auszulegen.<\/li><li>Gerichtsstand f\u00fcr Kaufleute, f\u00fcr juristische Personen des \u00f6ffentlichen Rechts oder \u00f6ffentlich-rechtliches Sonderverm\u00f6gen ist D-72181 Starzach.<\/li><\/ol><\/td><\/tr><\/tbody><\/table>\t\t\t\t\t\t\t\t<\/div>\n\t\t\t\t<\/div>\n\t\t\t\t\t<\/div>\n\t\t<\/div>\n\t\t\t\t\t<\/div>\n\t\t<\/section>\n\t\t\t\t<\/div>\n\t\t","protected":false},"excerpt":{"rendered":"<p>GBS &#8211; Gesellschaft f\u00fcr Bitumen und Sonderbitumen mbH &#038; Co. KG Allgemeine Gesch\u00e4ftsbedingungen (AGB) Geltungsbereich F\u00fcr alle Lieferungen und Leistungen von GBS gelten ausschlie\u00dflich die nachstehenden Allgemeinen Gesch\u00e4ftsbedingungen. Allgemeine Gesch\u00e4ftsbedingungen des Kunden erkennt GBS nicht an, es sei denn, GBS h\u00e4tte ihrer Geltung ausdr\u00fccklich schriftlich zugestimmt. Dies gilt auch dann, wenn GBS die Leistungen in [&hellip;]<\/p>\n","protected":false},"author":1,"featured_media":0,"parent":0,"menu_order":0,"comment_status":"closed","ping_status":"closed","template":"elementor_header_footer","meta":{"ocean_post_layout":"","ocean_both_sidebars_style":"","ocean_both_sidebars_content_width":0,"ocean_both_sidebars_sidebars_width":0,"ocean_sidebar":"0","ocean_second_sidebar":"0","ocean_disable_margins":"enable","ocean_add_body_class":"","ocean_shortcode_before_top_bar":"","ocean_shortcode_after_top_bar":"","ocean_shortcode_before_header":"","ocean_shortcode_after_header":"","ocean_has_shortcode":"","ocean_shortcode_after_title":"","ocean_shortcode_before_footer_widgets":"","ocean_shortcode_after_footer_widgets":"","ocean_shortcode_before_footer_bottom":"","ocean_shortcode_after_footer_bottom":"","ocean_display_top_bar":"default","ocean_display_header":"default","ocean_header_style":"","ocean_center_header_left_menu":"0","ocean_custom_header_template":"0","ocean_custom_logo":0,"ocean_custom_retina_logo":0,"ocean_custom_logo_max_width":0,"ocean_custom_logo_tablet_max_width":0,"ocean_custom_logo_mobile_max_width":0,"ocean_custom_logo_max_height":0,"ocean_custom_logo_tablet_max_height":0,"ocean_custom_logo_mobile_max_height":0,"ocean_header_custom_menu":"0","ocean_menu_typo_font_family":"0","ocean_menu_typo_font_subset":"","ocean_menu_typo_font_size":0,"ocean_menu_typo_font_size_tablet":0,"ocean_menu_typo_font_size_mobile":0,"ocean_menu_typo_font_size_unit":"px","ocean_menu_typo_font_weight":"","ocean_menu_typo_font_weight_tablet":"","ocean_menu_typo_font_weight_mobile":"","ocean_menu_typo_transform":"","ocean_menu_typo_transform_tablet":"","ocean_menu_typo_transform_mobile":"","ocean_menu_typo_line_height":0,"ocean_menu_typo_line_height_tablet":0,"ocean_menu_typo_line_height_mobile":0,"ocean_menu_typo_line_height_unit":"","ocean_menu_typo_spacing":0,"ocean_menu_typo_spacing_tablet":0,"ocean_menu_typo_spacing_mobile":0,"ocean_menu_typo_spacing_unit":"","ocean_menu_link_color":"","ocean_menu_link_color_hover":"","ocean_menu_link_color_active":"","ocean_menu_link_background":"","ocean_menu_link_hover_background":"","ocean_menu_link_active_background":"","ocean_menu_social_links_bg":"","ocean_menu_social_hover_links_bg":"","ocean_menu_social_links_color":"","ocean_menu_social_hover_links_color":"","ocean_disable_title":"default","ocean_disable_heading":"default","ocean_post_title":"","ocean_post_subheading":"","ocean_post_title_style":"","ocean_post_title_background_color":"","ocean_post_title_background":0,"ocean_post_title_bg_image_position":"","ocean_post_title_bg_image_attachment":"","ocean_post_title_bg_image_repeat":"","ocean_post_title_bg_image_size":"","ocean_post_title_height":0,"ocean_post_title_bg_overlay":0.5,"ocean_post_title_bg_overlay_color":"","ocean_disable_breadcrumbs":"default","ocean_breadcrumbs_color":"","ocean_breadcrumbs_separator_color":"","ocean_breadcrumbs_links_color":"","ocean_breadcrumbs_links_hover_color":"","ocean_display_footer_widgets":"default","ocean_display_footer_bottom":"default","ocean_custom_footer_template":"0","footnotes":""},"class_list":["post-68","page","type-page","status-publish","hentry","entry"],"_links":{"self":[{"href":"https:\/\/gbs-bitumen.de\/index.php?rest_route=\/wp\/v2\/pages\/68","targetHints":{"allow":["GET"]}}],"collection":[{"href":"https:\/\/gbs-bitumen.de\/index.php?rest_route=\/wp\/v2\/pages"}],"about":[{"href":"https:\/\/gbs-bitumen.de\/index.php?rest_route=\/wp\/v2\/types\/page"}],"author":[{"embeddable":true,"href":"https:\/\/gbs-bitumen.de\/index.php?rest_route=\/wp\/v2\/users\/1"}],"replies":[{"embeddable":true,"href":"https:\/\/gbs-bitumen.de\/index.php?rest_route=%2Fwp%2Fv2%2Fcomments&post=68"}],"version-history":[{"count":5,"href":"https:\/\/gbs-bitumen.de\/index.php?rest_route=\/wp\/v2\/pages\/68\/revisions"}],"predecessor-version":[{"id":256,"href":"https:\/\/gbs-bitumen.de\/index.php?rest_route=\/wp\/v2\/pages\/68\/revisions\/256"}],"wp:attachment":[{"href":"https:\/\/gbs-bitumen.de\/index.php?rest_route=%2Fwp%2Fv2%2Fmedia&parent=68"}],"curies":[{"name":"wp","href":"https:\/\/api.w.org\/{rel}","templated":true}]}}