{"id":11,"date":"2020-06-14T17:06:54","date_gmt":"2020-06-14T15:06:54","guid":{"rendered":"http:\/\/gbs-bitumen.de\/?page_id=11"},"modified":"2026-01-11T16:14:59","modified_gmt":"2026-01-11T15:14:59","slug":"ueber-uns","status":"publish","type":"page","link":"https:\/\/gbs-bitumen.de\/?page_id=11","title":{"rendered":"\u00dcber uns"},"content":{"rendered":"\t\t<div data-elementor-type=\"wp-page\" data-elementor-id=\"11\" class=\"elementor elementor-11\">\n\t\t\t\t\t\t<section class=\"elementor-section elementor-top-section elementor-element elementor-element-9dd3b3f elementor-section-boxed elementor-section-height-default elementor-section-height-default\" data-id=\"9dd3b3f\" data-element_type=\"section\">\n\t\t\t\t\t\t<div class=\"elementor-container elementor-column-gap-default\">\n\t\t\t\t\t<div class=\"elementor-column elementor-col-100 elementor-top-column elementor-element elementor-element-7dd1b85\" data-id=\"7dd1b85\" data-element_type=\"column\">\n\t\t\t<div class=\"elementor-widget-wrap elementor-element-populated\">\n\t\t\t\t\t\t<div class=\"elementor-element elementor-element-3ae6cbb elementor-widget elementor-widget-heading\" data-id=\"3ae6cbb\" data-element_type=\"widget\" data-widget_type=\"heading.default\">\n\t\t\t\t<div class=\"elementor-widget-container\">\n\t\t\t\t\t<h2 class=\"elementor-heading-title elementor-size-default\">Seit \u00fcber 30 Jahren pr\u00e4gen Bitumen und Asphalt unser berufliches Leben.<\/h2>\t\t\t\t<\/div>\n\t\t\t\t<\/div>\n\t\t\t\t\t<\/div>\n\t\t<\/div>\n\t\t\t\t\t<\/div>\n\t\t<\/section>\n\t\t\t\t<section class=\"elementor-section elementor-top-section elementor-element elementor-element-abf94e7 elementor-section-boxed elementor-section-height-default elementor-section-height-default\" data-id=\"abf94e7\" data-element_type=\"section\">\n\t\t\t\t\t\t<div class=\"elementor-container elementor-column-gap-default\">\n\t\t\t\t\t<div class=\"elementor-column elementor-col-100 elementor-top-column elementor-element elementor-element-d7244b8\" data-id=\"d7244b8\" data-element_type=\"column\">\n\t\t\t<div class=\"elementor-widget-wrap elementor-element-populated\">\n\t\t\t\t\t\t<div class=\"elementor-element elementor-element-7bc8c60 elementor-widget elementor-widget-text-editor\" data-id=\"7bc8c60\" data-element_type=\"widget\" data-widget_type=\"text-editor.default\">\n\t\t\t\t<div class=\"elementor-widget-container\">\n\t\t\t\t\t\t\t\t\t<p>Das Kommen und Gehen von Raffinerien, die sich ver\u00e4ndernden Anforderungen an Bitumen, die Entwicklung neuer Bitumensorten (PmB, viskosit\u00e4tsver\u00e4nderte Bindemittel, Bindemittel f\u00fcr den Einsatz von RC) \u2026 all&#8216; diese Ver\u00e4nderungen haben im Laufe der Zeit ein hohes Ma\u00df an Wissen und Erfahrung rund um das Thema Bitumen generiert.<\/p><p>In der j\u00fcngeren Vergangenheit kommt es, wie niemals zuvor, zu gro\u00dfen Ver\u00e4nderungen im Bitumenmarkt. Raffinerien produzieren weniger Bitumen oder schr\u00e4nken die Sortenvielfalt ein, Mineral\u00f6lgesellschaften beenden ihr Bitumengesch\u00e4ft, Frachtraum f\u00fcr den Bitumentransport wird immer knapper, besonders in Zeiten starker Nachfrage. Ein Ende dieser Entwicklung ist heute nicht absehbar.<\/p><p>F\u00fcr Asphalt-Produzenten wird es immer schwieriger, das richtige Bitumen zum richtigen Zeitpunkt an die richtige Asphaltmischanlage zu transportieren.<\/p><p>GBS bietet durch ein breit gef\u00e4chertes Netzwerk und gro\u00dfe Erfahrung die M\u00f6glichkeit, die Versorgung mit Bitumen zu optimieren.<\/p><p>Wir beraten Sie und erarbeiten Vorschl\u00e4ge f\u00fcr Sie, um Potential im Bereich der Logistik sowie der Verf\u00fcgbarkeit von Bitumen zu erkennen und Vorteile f\u00fcr Sie zu generieren.<\/p><p>Kundenorientierte L\u00f6sungen, Flexibilit\u00e4t, Erreichbarkeit und Professionalit\u00e4t &#8211; daf\u00fcr wollen wir f\u00fcr Sie da sein!<\/p>\t\t\t\t\t\t\t\t<\/div>\n\t\t\t\t<\/div>\n\t\t\t\t\t<\/div>\n\t\t<\/div>\n\t\t\t\t\t<\/div>\n\t\t<\/section>\n\t\t\t\t<\/div>\n\t\t","protected":false},"excerpt":{"rendered":"<p>Seit \u00fcber 30 Jahren pr\u00e4gen Bitumen und Asphalt unser berufliches Leben. Das Kommen und Gehen von Raffinerien, die sich ver\u00e4ndernden Anforderungen an Bitumen, die Entwicklung neuer Bitumensorten (PmB, viskosit\u00e4tsver\u00e4nderte Bindemittel, Bindemittel f\u00fcr den Einsatz von RC) \u2026 all&#8216; diese Ver\u00e4nderungen haben im Laufe der Zeit ein hohes Ma\u00df an Wissen und Erfahrung rund um das [&hellip;]<\/p>\n","protected":false},"author":1,"featured_media":0,"parent":0,"menu_order":0,"comment_status":"closed","ping_status":"closed","template":"","meta":{"ocean_post_layout":"full-screen","ocean_both_sidebars_style":"","ocean_both_sidebars_content_width":0,"ocean_both_sidebars_sidebars_width":0,"ocean_sidebar":"0","ocean_second_sidebar":"0","ocean_disable_margins":"enable","ocean_add_body_class":"","ocean_shortcode_before_top_bar":"","ocean_shortcode_after_top_bar":"","ocean_shortcode_before_header":"","ocean_shortcode_after_header":"","ocean_has_shortcode":"","ocean_shortcode_after_title":"","ocean_shortcode_before_footer_widgets":"","ocean_shortcode_after_footer_widgets":"","ocean_shortcode_before_footer_bottom":"","ocean_shortcode_after_footer_bottom":"","ocean_display_top_bar":"on","ocean_display_header":"on","ocean_header_style":"","ocean_center_header_left_menu":"0","ocean_custom_header_template":"0","ocean_custom_logo":0,"ocean_custom_retina_logo":0,"ocean_custom_logo_max_width":0,"ocean_custom_logo_tablet_max_width":0,"ocean_custom_logo_mobile_max_width":0,"ocean_custom_logo_max_height":0,"ocean_custom_logo_tablet_max_height":0,"ocean_custom_logo_mobile_max_height":0,"ocean_header_custom_menu":"0","ocean_menu_typo_font_family":"0","ocean_menu_typo_font_subset":"","ocean_menu_typo_font_size":0,"ocean_menu_typo_font_size_tablet":0,"ocean_menu_typo_font_size_mobile":0,"ocean_menu_typo_font_size_unit":"px","ocean_menu_typo_font_weight":"","ocean_menu_typo_font_weight_tablet":"","ocean_menu_typo_font_weight_mobile":"","ocean_menu_typo_transform":"","ocean_menu_typo_transform_tablet":"","ocean_menu_typo_transform_mobile":"","ocean_menu_typo_line_height":0,"ocean_menu_typo_line_height_tablet":0,"ocean_menu_typo_line_height_mobile":0,"ocean_menu_typo_line_height_unit":"","ocean_menu_typo_spacing":0,"ocean_menu_typo_spacing_tablet":0,"ocean_menu_typo_spacing_mobile":0,"ocean_menu_typo_spacing_unit":"","ocean_menu_link_color":"","ocean_menu_link_color_hover":"","ocean_menu_link_color_active":"","ocean_menu_link_background":"","ocean_menu_link_hover_background":"","ocean_menu_link_active_background":"","ocean_menu_social_links_bg":"","ocean_menu_social_hover_links_bg":"","ocean_menu_social_links_color":"","ocean_menu_social_hover_links_color":"","ocean_disable_title":"default","ocean_disable_heading":"default","ocean_post_title":"","ocean_post_subheading":"","ocean_post_title_style":"","ocean_post_title_background_color":"","ocean_post_title_background":0,"ocean_post_title_bg_image_position":"","ocean_post_title_bg_image_attachment":"","ocean_post_title_bg_image_repeat":"","ocean_post_title_bg_image_size":"","ocean_post_title_height":0,"ocean_post_title_bg_overlay":0.5,"ocean_post_title_bg_overlay_color":"","ocean_disable_breadcrumbs":"default","ocean_breadcrumbs_color":"","ocean_breadcrumbs_separator_color":"","ocean_breadcrumbs_links_color":"","ocean_breadcrumbs_links_hover_color":"","ocean_display_footer_widgets":"on","ocean_display_footer_bottom":"on","ocean_custom_footer_template":"0","footnotes":""},"class_list":["post-11","page","type-page","status-publish","hentry","entry"],"_links":{"self":[{"href":"https:\/\/gbs-bitumen.de\/index.php?rest_route=\/wp\/v2\/pages\/11","targetHints":{"allow":["GET"]}}],"collection":[{"href":"https:\/\/gbs-bitumen.de\/index.php?rest_route=\/wp\/v2\/pages"}],"about":[{"href":"https:\/\/gbs-bitumen.de\/index.php?rest_route=\/wp\/v2\/types\/page"}],"author":[{"embeddable":true,"href":"https:\/\/gbs-bitumen.de\/index.php?rest_route=\/wp\/v2\/users\/1"}],"replies":[{"embeddable":true,"href":"https:\/\/gbs-bitumen.de\/index.php?rest_route=%2Fwp%2Fv2%2Fcomments&post=11"}],"version-history":[{"count":9,"href":"https:\/\/gbs-bitumen.de\/index.php?rest_route=\/wp\/v2\/pages\/11\/revisions"}],"predecessor-version":[{"id":975,"href":"https:\/\/gbs-bitumen.de\/index.php?rest_route=\/wp\/v2\/pages\/11\/revisions\/975"}],"wp:attachment":[{"href":"https:\/\/gbs-bitumen.de\/index.php?rest_route=%2Fwp%2Fv2%2Fmedia&parent=11"}],"curies":[{"name":"wp","href":"https:\/\/api.w.org\/{rel}","templated":true}]}}